{"id":134,"date":"2022-01-31T18:01:08","date_gmt":"2022-01-31T17:01:08","guid":{"rendered":"http:\/\/stephaniegrain.fr\/?page_id=134"},"modified":"2025-05-11T14:00:21","modified_gmt":"2025-05-11T12:00:21","slug":"accueil","status":"publish","type":"page","link":"https:\/\/stephaniegrain.fr\/","title":{"rendered":"Bienvenue"},"content":{"rendered":"<p class=\"has-text-align-center has-vivid-purple-color has-text-color has-medium-font-size\"><mark style=\"background-color:rgba(0, 0, 0, 0)\" class=\"has-inline-color has-vivid-purple-color\"><\/mark><\/p><h2 class=\"wp-block-heading has-text-align-center has-luminous-vivid-amber-color has-text-color has-link-color wp-elements-8ebeb49116b2544b9f37adb13d9847c5\">Bien dans mon corps,<\/h2><h2 class=\"wp-block-heading has-text-align-center has-pale-pink-color has-text-color has-link-color wp-elements-b41a576aedd6fd11212942eabdc27a2e\">Bien dans ma vie !<\/h2><div class=\"wp-block-image is-style-rounded\"><figure class=\"aligncenter size-thumbnail\"><img loading=\"lazy\" decoding=\"async\" width=\"150\" height=\"150\" src=\"https:\/\/stephaniegrain.fr\/wp-content\/uploads\/2022\/09\/cropped-Vf-fond-incolore-png-150x150.png\" alt=\"\" class=\"wp-image-1215\" srcset=\"https:\/\/stephaniegrain.fr\/wp-content\/uploads\/2022\/09\/cropped-Vf-fond-incolore-png-150x150.png 150w, https:\/\/stephaniegrain.fr\/wp-content\/uploads\/2022\/09\/cropped-Vf-fond-incolore-png-300x300.png 300w, https:\/\/stephaniegrain.fr\/wp-content\/uploads\/2022\/09\/cropped-Vf-fond-incolore-png-100x100.png 100w, https:\/\/stephaniegrain.fr\/wp-content\/uploads\/2022\/09\/cropped-Vf-fond-incolore-png-75x75.png 75w\" sizes=\"auto, (max-width: 150px) 100vw, 150px\" \/><\/figure><\/div><h2 class=\"wp-block-heading has-text-align-center has-luminous-vivid-amber-color has-text-color has-link-color wp-elements-14edf1f4ab1fc852241e4c666a093c02\">Pr\u00e9vention et Conseils en Pleine Sant\u00e9<\/h2><p class=\"has-text-align-center has-luminous-vivid-amber-color has-text-color has-link-color wp-elements-dad51a5d83eda2aa6cbdeeb8ece4cff6\">&#8230;<\/p><p class=\"has-text-align-center has-pale-pink-color has-text-color has-small-font-size\"><em>\u00ab\u00a0Nous ne sommes pas ce que nous mangeons, nous sommes ce que nous assimilons.\u00a0\u00bb<\/em><\/p><p class=\"has-text-align-center has-pale-pink-color has-text-color has-small-font-size\"><em>\u00ab\u00a0L&rsquo;alimentation ne gu\u00e9rit pas, mais sans l&rsquo;alimentation nous ne gu\u00e9rissons pas non plus\u00a0\u00bb.<\/em><\/p><p class=\"has-text-align-center has-luminous-vivid-amber-color has-text-color has-link-color has-medium-font-size wp-elements-246061f2e7ceee1e68cc03991214a9d4\">&#8230;<\/p><p class=\"has-text-align-center has-pale-pink-color has-text-color has-medium-font-size\">\u00a0\u00bb La vie est un chemin personnel \u00e0 savourer \u00e0 chaque instant, c&rsquo;est apprendre \u00e0 vivre en harmonie avec soi et son environnement. \u00ab\u00a0<\/p><p class=\"has-text-align-center has-luminous-vivid-amber-color has-text-color has-medium-font-size\">Neuronutrition<\/p><p class=\"has-text-align-center has-luminous-vivid-amber-color has-text-color has-medium-font-size\">D\u00e9tox <\/p><p class=\"has-text-align-center has-luminous-vivid-amber-color has-text-color has-medium-font-size\">Emotions<\/p><p class=\"has-text-align-center has-luminous-vivid-amber-color has-text-color has-medium-font-size\">Pens\u00e9es<\/p><p class=\"has-text-align-center has-luminous-vivid-amber-color has-text-color has-link-color has-medium-font-size wp-elements-717244085a98c747ab87a4954d99a5ca\">Respiration <\/p><p class=\"has-text-align-center has-luminous-vivid-amber-color has-text-color has-link-color has-medium-font-size wp-elements-9d3845655d109b03ab337b2ad9f9ea70\">Mouvements<\/p><p class=\"has-text-align-center has-pale-pink-color has-text-color has-medium-font-size\">Parce que tout est une question d&rsquo;\u00e9quilibre et d&rsquo;harmonie<\/p><div class=\"wp-block-image\"><figure class=\"aligncenter is-resized\"><img loading=\"lazy\" decoding=\"async\" width=\"225\" height=\"225\" src=\"https:\/\/stephaniegrain.fr\/wp-content\/uploads\/2022\/01\/images.jpg\" alt=\"\" class=\"wp-image-138\" style=\"width:227px;height:227px\" srcset=\"https:\/\/stephaniegrain.fr\/wp-content\/uploads\/2022\/01\/images.jpg 225w, https:\/\/stephaniegrain.fr\/wp-content\/uploads\/2022\/01\/images-100x100.jpg 100w, https:\/\/stephaniegrain.fr\/wp-content\/uploads\/2022\/01\/images-150x150.jpg 150w, https:\/\/stephaniegrain.fr\/wp-content\/uploads\/2022\/01\/images-75x75.jpg 75w\" sizes=\"auto, (max-width: 225px) 100vw, 225px\" \/><\/figure><\/div><p><\/p><p><\/p><ul class=\"wp-block-social-links aligncenter is-layout-flex wp-block-social-links-is-layout-flex\"><li class=\"wp-social-link wp-social-link-facebook  wp-block-social-link\"><a href=\"https:\/\/www.facebook.com\/Grain.Stephanie\/\" class=\"wp-block-social-link-anchor\"><svg width=\"24\" height=\"24\" viewBox=\"0 0 24 24\" version=\"1.1\" xmlns=\"http:\/\/www.w3.org\/2000\/svg\" aria-hidden=\"true\" focusable=\"false\"><path d=\"M12 2C6.5 2 2 6.5 2 12c0 5 3.7 9.1 8.4 9.9v-7H7.9V12h2.5V9.8c0-2.5 1.5-3.9 3.8-3.9 1.1 0 2.2.2 2.2.2v2.5h-1.3c-1.2 0-1.6.8-1.6 1.6V12h2.8l-.4 2.9h-2.3v7C18.3 21.1 22 17 22 12c0-5.5-4.5-10-10-10z\"><\/path><\/svg><span class=\"wp-block-social-link-label screen-reader-text\">Facebook<\/span><\/a><\/li>\n\n<li class=\"wp-social-link wp-social-link-instagram  wp-block-social-link\"><a href=\"https:\/\/www.instagram.com\/stephanie_corps_et_conscience\/?igshid=MzNlNGNkZWQ4Mg%3D%3D\" class=\"wp-block-social-link-anchor\"><svg width=\"24\" height=\"24\" viewBox=\"0 0 24 24\" version=\"1.1\" xmlns=\"http:\/\/www.w3.org\/2000\/svg\" aria-hidden=\"true\" focusable=\"false\"><path d=\"M12,4.622c2.403,0,2.688,0.009,3.637,0.052c0.877,0.04,1.354,0.187,1.671,0.31c0.42,0.163,0.72,0.358,1.035,0.673 c0.315,0.315,0.51,0.615,0.673,1.035c0.123,0.317,0.27,0.794,0.31,1.671c0.043,0.949,0.052,1.234,0.052,3.637 s-0.009,2.688-0.052,3.637c-0.04,0.877-0.187,1.354-0.31,1.671c-0.163,0.42-0.358,0.72-0.673,1.035 c-0.315,0.315-0.615,0.51-1.035,0.673c-0.317,0.123-0.794,0.27-1.671,0.31c-0.949,0.043-1.233,0.052-3.637,0.052 s-2.688-0.009-3.637-0.052c-0.877-0.04-1.354-0.187-1.671-0.31c-0.42-0.163-0.72-0.358-1.035-0.673 c-0.315-0.315-0.51-0.615-0.673-1.035c-0.123-0.317-0.27-0.794-0.31-1.671C4.631,14.688,4.622,14.403,4.622,12 s0.009-2.688,0.052-3.637c0.04-0.877,0.187-1.354,0.31-1.671c0.163-0.42,0.358-0.72,0.673-1.035 c0.315-0.315,0.615-0.51,1.035-0.673c0.317-0.123,0.794-0.27,1.671-0.31C9.312,4.631,9.597,4.622,12,4.622 M12,3 C9.556,3,9.249,3.01,8.289,3.054C7.331,3.098,6.677,3.25,6.105,3.472C5.513,3.702,5.011,4.01,4.511,4.511 c-0.5,0.5-0.808,1.002-1.038,1.594C3.25,6.677,3.098,7.331,3.054,8.289C3.01,9.249,3,9.556,3,12c0,2.444,0.01,2.751,0.054,3.711 c0.044,0.958,0.196,1.612,0.418,2.185c0.23,0.592,0.538,1.094,1.038,1.594c0.5,0.5,1.002,0.808,1.594,1.038 c0.572,0.222,1.227,0.375,2.185,0.418C9.249,20.99,9.556,21,12,21s2.751-0.01,3.711-0.054c0.958-0.044,1.612-0.196,2.185-0.418 c0.592-0.23,1.094-0.538,1.594-1.038c0.5-0.5,0.808-1.002,1.038-1.594c0.222-0.572,0.375-1.227,0.418-2.185 C20.99,14.751,21,14.444,21,12s-0.01-2.751-0.054-3.711c-0.044-0.958-0.196-1.612-0.418-2.185c-0.23-0.592-0.538-1.094-1.038-1.594 c-0.5-0.5-1.002-0.808-1.594-1.038c-0.572-0.222-1.227-0.375-2.185-0.418C14.751,3.01,14.444,3,12,3L12,3z M12,7.378 c-2.552,0-4.622,2.069-4.622,4.622S9.448,16.622,12,16.622s4.622-2.069,4.622-4.622S14.552,7.378,12,7.378z M12,15 c-1.657,0-3-1.343-3-3s1.343-3,3-3s3,1.343,3,3S13.657,15,12,15z M16.804,6.116c-0.596,0-1.08,0.484-1.08,1.08 s0.484,1.08,1.08,1.08c0.596,0,1.08-0.484,1.08-1.08S17.401,6.116,16.804,6.116z\"><\/path><\/svg><span class=\"wp-block-social-link-label screen-reader-text\">Instagram<\/span><\/a><\/li><\/ul>","protected":false},"excerpt":{"rendered":"<p>Bien dans mon corps, Bien dans ma vie ! Pr\u00e9vention et Conseils en Pleine Sant\u00e9 &#8230; \u00ab\u00a0Nous ne sommes pas ce que nous mangeons, nous sommes ce que nous assimilons.\u00a0\u00bb \u00ab\u00a0L&rsquo;alimentation ne gu\u00e9rit pas, mais sans l&rsquo;alimentation nous ne gu\u00e9rissons pas non plus\u00a0\u00bb. &#8230; \u00a0\u00bb La vie est un chemin personnel \u00e0 savourer \u00e0 chaque instant, c&rsquo;est apprendre \u00e0 vivre en harmonie avec soi et son environnement. \u00ab\u00a0 Neuronutrition D\u00e9tox Emotions Pens\u00e9es Respiration Mouvements Parce que tout est une question d&rsquo;\u00e9quilibre et d&rsquo;harmonie<\/p>\n","protected":false},"author":1,"featured_media":0,"parent":0,"menu_order":0,"comment_status":"open","ping_status":"closed","template":"","meta":{"footnotes":""},"class_list":["post-134","page","type-page","status-publish","hentry"],"jetpack_sharing_enabled":true,"_links":{"self":[{"href":"https:\/\/stephaniegrain.fr\/index.php?rest_route=\/wp\/v2\/pages\/134","targetHints":{"allow":["GET"]}}],"collection":[{"href":"https:\/\/stephaniegrain.fr\/index.php?rest_route=\/wp\/v2\/pages"}],"about":[{"href":"https:\/\/stephaniegrain.fr\/index.php?rest_route=\/wp\/v2\/types\/page"}],"author":[{"embeddable":true,"href":"https:\/\/stephaniegrain.fr\/index.php?rest_route=\/wp\/v2\/users\/1"}],"replies":[{"embeddable":true,"href":"https:\/\/stephaniegrain.fr\/index.php?rest_route=%2Fwp%2Fv2%2Fcomments&post=134"}],"version-history":[{"count":66,"href":"https:\/\/stephaniegrain.fr\/index.php?rest_route=\/wp\/v2\/pages\/134\/revisions"}],"predecessor-version":[{"id":1657,"href":"https:\/\/stephaniegrain.fr\/index.php?rest_route=\/wp\/v2\/pages\/134\/revisions\/1657"}],"wp:attachment":[{"href":"https:\/\/stephaniegrain.fr\/index.php?rest_route=%2Fwp%2Fv2%2Fmedia&parent=134"}],"curies":[{"name":"wp","href":"https:\/\/api.w.org\/{rel}","templated":true}]}}